{"id":695,"date":"2022-03-07T12:46:33","date_gmt":"2022-03-07T11:46:33","guid":{"rendered":"http:\/\/serrechevtt.yepyepdesign.com\/bp121509-ovh\/descent-of-the-galibier-family-ride\/"},"modified":"2026-03-05T08:54:09","modified_gmt":"2026-03-05T07:54:09","slug":"descent-of-the-galibier-family-ride","status":"publish","type":"page","link":"https:\/\/serrechevtt.fr\/en\/descent-of-the-galibier-family-ride\/","title":{"rendered":"Descent of the galibier \/ Family ride"},"content":{"rendered":"<p>[et_pb_section fb_built=&#8221;1&#8243; _builder_version=&#8221;4.16&#8243; _module_preset=&#8221;default&#8221; background_color=&#8221;#1A4386&#8243; background_enable_image=&#8221;off&#8221; background_size=&#8221;stretch&#8221; custom_padding=&#8221;0px||0px|||&#8221; global_colors_info=&#8221;{}&#8221;][et_pb_row _builder_version=&#8221;4.16&#8243; _module_preset=&#8221;default&#8221; global_colors_info=&#8221;{}&#8221;][et_pb_column type=&#8221;4_4&#8243; _builder_version=&#8221;4.16&#8243; _module_preset=&#8221;default&#8221; global_colors_info=&#8221;{}&#8221;][et_pb_image src=&#8221;https:\/\/serrechevtt.fr\/wp-content\/uploads\/\/GALIBIER-WHITE-02.svg&#8221; title_text=&#8221;GALIBIER WHITE-02&#8243; _builder_version=&#8221;4.16&#8243; _module_preset=&#8221;default&#8221; width=&#8221;100px&#8221; module_alignment=&#8221;center&#8221; locked=&#8221;off&#8221; global_colors_info=&#8221;{}&#8221;][\/et_pb_image][dsm_block_reveal_text block_reveal_text=&#8221;@ET-DC@eyJkeW5hbWljIjp0cnVlLCJjb250ZW50IjoicG9zdF90aXRsZSIsInNldHRpbmdzIjp7ImJlZm9yZSI6IiIsImFmdGVyIjoiIn19@&#8221; heading_html_tag=&#8221;h1&#8243; block_reveal_color=&#8221;#FFFFFF&#8221; _builder_version=&#8221;4.16&#8243; _dynamic_attributes=&#8221;block_reveal_text&#8221; _module_preset=&#8221;default&#8221; header_font=&#8221;Montserrat|800||on|||||&#8221; header_text_align=&#8221;center&#8221; header_text_color=&#8221;#FFFFFF&#8221; global_colors_info=&#8221;{}&#8221;][\/dsm_block_reveal_text][et_pb_text _builder_version=&#8221;4.16.1&#8243; _module_preset=&#8221;default&#8221; text_text_color=&#8221;#FFFFFF&#8221; header_font=&#8221;|||on|||||&#8221; header_text_align=&#8221;center&#8221; header_2_text_color=&#8221;#FFFFFF&#8221; header_2_font_size=&#8221;18px&#8221; text_orientation=&#8221;center&#8221; animation_style=&#8221;slide&#8221; animation_direction=&#8221;bottom&#8221; global_colors_info=&#8221;{}&#8221;]<\/p>\n<h2>Whether you are a family or a group of friends, everyone will enjoy mountain biking in Serre Chevalier!<\/h2>\n<p>[\/et_pb_text][\/et_pb_column][\/et_pb_row][\/et_pb_section][et_pb_section fb_built=&#8221;1&#8243; _builder_version=&#8221;4.16&#8243; _module_preset=&#8221;default&#8221; custom_padding=&#8221;0px||0px|||&#8221; global_colors_info=&#8221;{}&#8221;][et_pb_row _builder_version=&#8221;4.16&#8243; _module_preset=&#8221;default&#8221; width=&#8221;100%&#8221; max_width=&#8221;100%&#8221; custom_padding=&#8221;0px||0px|||&#8221; global_colors_info=&#8221;{}&#8221;][et_pb_column type=&#8221;4_4&#8243; _builder_version=&#8221;4.16&#8243; _module_preset=&#8221;default&#8221; global_colors_info=&#8221;{}&#8221;]<\/p>\n<p>[et_pb_gallery gallery_ids=&#8221;560,652,561,653,563,1241&#8243; fullwidth=&#8221;on&#8221; _builder_version=&#8221;4.25.1&#8243; _module_preset=&#8221;default&#8221; auto=&#8221;on&#8221; auto_speed=&#8221;4000&#8243; hover_enabled=&#8221;0&#8243; global_colors_info=&#8221;{}&#8221; sticky_enabled=&#8221;0&#8243;][\/et_pb_gallery]<\/p>\n<p>[\/et_pb_column][\/et_pb_row][\/et_pb_section][et_pb_section fb_built=&#8221;1&#8243; _builder_version=&#8221;4.16&#8243; _module_preset=&#8221;default&#8221; global_colors_info=&#8221;{}&#8221;][et_pb_row _builder_version=&#8221;4.16&#8243; _module_preset=&#8221;default&#8221; custom_margin=&#8221;||50px||false|false&#8221; global_colors_info=&#8221;{}&#8221;][et_pb_column type=&#8221;4_4&#8243; _builder_version=&#8221;4.16&#8243; _module_preset=&#8221;default&#8221; global_colors_info=&#8221;{}&#8221;][et_pb_text _builder_version=&#8221;4.16&#8243; _module_preset=&#8221;default&#8221; header_font=&#8221;||||||||&#8221; header_4_font=&#8221;|700||on|||||&#8221; header_4_text_align=&#8221;center&#8221; header_4_font_size=&#8221;33px&#8221; global_colors_info=&#8221;{}&#8221;]<\/p>\n<h4>Presentation<\/h4>\n<p><\/p>\n<h4>\u2014<\/h4>\n<p><\/p>\n<h4>\u00a0<\/h4>\n<p>[\/et_pb_text][et_pb_text _builder_version=&#8221;4.16&#8243; _module_preset=&#8221;default&#8221; global_colors_info=&#8221;{}&#8221;]<\/p>\n<p>Mountain biking is not only reserved for experts! Beginners, or simply nature-lovers, come and join us in the Serre Chevalier Valley. We\u2019ll show you the wonders of its hidden charms \u2013 paths winding through forests and over cristal clear streams.\u00a0 Several circuits exist adapted to your group level and desires! Our team knows how to share with you the pleasure of a mountain tour, full of local history and surprises!<\/p>\n<p>[\/et_pb_text][\/et_pb_column][\/et_pb_row][et_pb_row column_structure=&#8221;1_3,1_3,1_3&#8243; use_custom_gutter=&#8221;on&#8221; gutter_width=&#8221;4&#8243; _builder_version=&#8221;4.16&#8243; _module_preset=&#8221;default&#8221; global_colors_info=&#8221;{}&#8221;][et_pb_column type=&#8221;1_3&#8243; _builder_version=&#8221;4.16&#8243; _module_preset=&#8221;default&#8221; global_colors_info=&#8221;{}&#8221;][et_pb_blurb title=&#8221;For who&#8221; use_icon=&#8221;on&#8221; font_icon=&#8221;&#xf007;||fa||900&#8243; icon_color=&#8221;#F18D40&#8243; image_icon_width=&#8221;45px&#8221; icon_alignment=&#8221;left&#8221; icon_placement_last_edited=&#8221;off|desktop&#8221; _builder_version=&#8221;4.16&#8243; _module_preset=&#8221;default&#8221; header_level=&#8221;h3&#8243; header_font=&#8221;|700||on|||||&#8221; body_font=&#8221;||||||||&#8221; global_colors_info=&#8221;{}&#8221;]<\/p>\n<p>Family \/ Beginner \/ Intermediate \/ Children from 6 years<\/p>\n<p>[\/et_pb_blurb][\/et_pb_column][et_pb_column type=&#8221;1_3&#8243; _builder_version=&#8221;4.16&#8243; _module_preset=&#8221;default&#8221; global_colors_info=&#8221;{}&#8221;][et_pb_blurb title=&#8221;The extras&#8221; use_icon=&#8221;on&#8221; font_icon=&#8221;&#xf4da;||fa||400&#8243; icon_color=&#8221;#F18D40&#8243; image_icon_width=&#8221;45px&#8221; icon_alignment=&#8221;left&#8221; icon_placement_last_edited=&#8221;off|desktop&#8221; _builder_version=&#8221;4.16&#8243; _module_preset=&#8221;default&#8221; header_level=&#8221;h3&#8243; header_font=&#8221;|700||on|||||&#8221; body_font=&#8221;||||||||&#8221; global_colors_info=&#8221;{}&#8221;]<\/p>\n<p>Same level groups \/ Advices \/ photos<\/p>\n<p>[\/et_pb_blurb][\/et_pb_column][et_pb_column type=&#8221;1_3&#8243; _builder_version=&#8221;4.16&#8243; _module_preset=&#8221;default&#8221; global_colors_info=&#8221;{}&#8221;][et_pb_blurb title=&#8221;Where&#8221; use_icon=&#8221;on&#8221; font_icon=&#8221;&#xf5a0;||fa||900&#8243; icon_color=&#8221;#F18D40&#8243; image_icon_width=&#8221;45px&#8221; icon_alignment=&#8221;left&#8221; icon_placement_last_edited=&#8221;off|desktop&#8221; _builder_version=&#8221;4.16&#8243; _module_preset=&#8221;default&#8221; header_level=&#8221;h3&#8243; header_font=&#8221;|700||on|||||&#8221; body_font=&#8221;||||||||&#8221; global_colors_info=&#8221;{}&#8221;]<\/p>\n<p>Galibier \/ RAFT \/ Serre Chevalier Valley<\/p>\n<p>[\/et_pb_blurb][\/et_pb_column][\/et_pb_row][et_pb_row column_structure=&#8221;1_3,1_3,1_3&#8243; use_custom_gutter=&#8221;on&#8221; gutter_width=&#8221;4&#8243; _builder_version=&#8221;4.16&#8243; _module_preset=&#8221;default&#8221; global_colors_info=&#8221;{}&#8221;][et_pb_column type=&#8221;1_3&#8243; _builder_version=&#8221;4.16&#8243; _module_preset=&#8221;default&#8221; global_colors_info=&#8221;{}&#8221;][et_pb_blurb title=&#8221;Included in the price&#8221; use_icon=&#8221;on&#8221; font_icon=&#8221;&#xf153;||fa||900&#8243; icon_color=&#8221;#F18D40&#8243; image_icon_width=&#8221;45px&#8221; icon_alignment=&#8221;left&#8221; _builder_version=&#8221;4.25.2&#8243; _module_preset=&#8221;default&#8221; header_level=&#8221;h3&#8243; header_font=&#8221;|700||on|||||&#8221; body_font=&#8221;||||||||&#8221; global_colors_info=&#8221;{}&#8221;]<\/p>\n<p>Qualified mountain biking guide\/ Latest MTB \/ Protective Gear \/ Transport \/ a very good day !!!<\/p>\n<p>[\/et_pb_blurb][\/et_pb_column][et_pb_column type=&#8221;1_3&#8243; _builder_version=&#8221;4.16&#8243; _module_preset=&#8221;default&#8221; global_colors_info=&#8221;{}&#8221;][et_pb_blurb title=&#8221;When ?&#8221; use_icon=&#8221;on&#8221; font_icon=&#8221;&#xf017;||fa||900&#8243; icon_color=&#8221;#F18D40&#8243; image_icon_width=&#8221;45px&#8221; icon_alignment=&#8221;left&#8221; _builder_version=&#8221;4.16&#8243; _module_preset=&#8221;default&#8221; header_level=&#8221;h3&#8243; header_font=&#8221;|700||on|||||&#8221; body_font=&#8221;||||||||&#8221; global_colors_info=&#8221;{}&#8221;]<\/p>\n<p>from may to october<\/p>\n<p>[\/et_pb_blurb][\/et_pb_column][et_pb_column type=&#8221;1_3&#8243; _builder_version=&#8221;4.16&#8243; _module_preset=&#8221;default&#8221; global_colors_info=&#8221;{}&#8221;][et_pb_blurb title=&#8221;Details or Logistics&#8221; use_icon=&#8221;on&#8221; font_icon=&#8221;&#xf0eb;||fa||900&#8243; icon_color=&#8221;#F18D40&#8243; image_icon_width=&#8221;45px&#8221; icon_alignment=&#8221;left&#8221; _builder_version=&#8221;4.16&#8243; _module_preset=&#8221;default&#8221; header_level=&#8221;h3&#8243; header_font=&#8221;|700||on|||||&#8221; body_font=&#8221;||||||||&#8221; global_colors_info=&#8221;{}&#8221;]<\/p>\n<p>Bring a picnic or \u20ac15 for lunch<\/p>\n<p>[\/et_pb_blurb][\/et_pb_column][\/et_pb_row][\/et_pb_section][et_pb_section fb_built=&#8221;1&#8243; _builder_version=&#8221;4.16&#8243; _module_preset=&#8221;default&#8221; background_color=&#8221;#f9f9f9&#8243; global_colors_info=&#8221;{}&#8221;][et_pb_row _builder_version=&#8221;4.16&#8243; _module_preset=&#8221;default&#8221; global_colors_info=&#8221;{}&#8221;][et_pb_column type=&#8221;4_4&#8243; _builder_version=&#8221;4.16&#8243; _module_preset=&#8221;default&#8221; global_colors_info=&#8221;{}&#8221;][et_pb_text _builder_version=&#8221;4.16&#8243; _module_preset=&#8221;default&#8221; header_font=&#8221;||||||||&#8221; header_4_font=&#8221;|700||on|||||&#8221; header_4_text_align=&#8221;center&#8221; header_4_font_size=&#8221;33px&#8221; global_colors_info=&#8221;{}&#8221;]<\/p>\n<h4>Excusrions \/ Prices \/ Descriptiions<\/h4>\n<p><\/p>\n<h4>\u2014<\/h4>\n<p><\/p>\n<h4>\u00a0<\/h4>\n<p>[\/et_pb_text][et_pb_toggle title=&#8221;Descent of the galibier &#8211; \u20ac60 \/ pers&#8221; open_toggle_background_color=&#8221;#FFFFFF&#8221; closed_toggle_background_color=&#8221;#FFFFFF&#8221; icon_color=&#8221;#F18D40&#8243; use_icon_font_size=&#8221;on&#8221; icon_font_size=&#8221;24px&#8221; open_icon_color=&#8221;#F18D40&#8243; open_use_icon_font_size=&#8221;on&#8221; open_icon_font_size=&#8221;24px&#8221; _builder_version=&#8221;4.27.6&#8243; _module_preset=&#8221;default&#8221; title_font_size=&#8221;24px&#8221; hover_enabled=&#8221;0&#8243; border_width_all=&#8221;0px&#8221; locked=&#8221;off&#8221; global_colors_info=&#8221;{}&#8221; sticky_enabled=&#8221;0&#8243;]<\/p>\n<p><strong>\u20ac60 \/ pers<\/strong> with Qualified mountain biking guide\/ MTB 2022 \/ Protective Gear \/ Transport At the start of the Galibier mountain pass, a 28km ride and descent to La Salle les Alpes. The first part is on an ancient commercial road leading to the mountain pass: going downward and overlooking the Serre Chevalier valley, the panorama and the view of the National Parc and the \u201cBarre des Ecrins\u201d will take your breath away. The second part covering the end of the valley, is easy-going, recreational and enjoyable, perfect for discovering the valley on a bike. Fun and a change of scenery guaranteed! Kids from 9\/10<\/p>\n<p>[\/et_pb_toggle][et_pb_toggle title=&#8221;Descent of the Galibier &amp; Rafting \u20ac105-\u20ac115 \/ pers&#8221; open_toggle_background_color=&#8221;#FFFFFF&#8221; closed_toggle_background_color=&#8221;#FFFFFF&#8221; icon_color=&#8221;#F18D40&#8243; use_icon_font_size=&#8221;on&#8221; icon_font_size=&#8221;24px&#8221; open_icon_color=&#8221;#F18D40&#8243; open_use_icon_font_size=&#8221;on&#8221; open_icon_font_size=&#8221;24px&#8221; _builder_version=&#8221;4.27.6&#8243; _module_preset=&#8221;default&#8221; title_font_size=&#8221;24px&#8221; hover_enabled=&#8221;0&#8243; border_width_all=&#8221;0px&#8221; locked=&#8221;off&#8221; global_colors_info=&#8221;{}&#8221; sticky_enabled=&#8221;0&#8243;]<\/p>\n<p>Descent of the galibier and rafting <strong>&#8211; 16 years old : \u20ac105<\/strong>\u00a0Descent of the galibier and rafting <strong>+ 16 years old : \u20ac115<\/strong>\u00a0with Qualified mountain biking guide\/ MTB 2022 \/ Protective Gear and Rafting MTB Morning \u2013 Galibier descent \/ RAFTING Afternoon with SERRECHE VTT &amp; YOURAFT SERRECHEVALIER A 22km descent, starting from the top of the Col de Galibier down to Mon\u00eatier-les-Bains. The first part is on an ancient commercial road leading to the mountain pass : going downward and overlooking the Serre Chevalier valley, the panorama and the view of the National Parc and the \u201cBarre des Ecrins\u201d will take your breath away. Then, the second part covering the end of the valley, is easy-going, recreational and enjoyable, perfect for discovering the valley on a bike. Fun and a change of scenery guaranteed! Kids from 9\/10 years. <span style=\"color: #008000;\"><strong>Discover <\/strong><\/span>\u2013 Route from Mon\u00eatier-les-Bains to Saint-Chaffrey (10km) This rafting descent, is aimed for families and children from 9\/10 years old and over. It is also designed for people wanting to discover whitewater sensations in a group, on a playful easy-going and enjoyable basis. The Ultimate \u201cGuisane\u201d \u2013 From Mon\u00eatier-les-Bains to Brian\u00e7on (18km). <span style=\"color: #ff0000;\"><strong>Sensation<\/strong><\/span> &#8211; This descent is aimed for families, groups and sporty adolescents aged 16 and over. It will allow you to both discover and explore the Serre Chevalier valley, from its highest point to its lowest point.<\/p>\n<p>[\/et_pb_toggle][\/et_pb_column][\/et_pb_row][\/et_pb_section]<\/p>\n","protected":false},"excerpt":{"rendered":"<p><div class=\"et_pb_module dsm_block_reveal_text dsm_block_reveal_text_0\">\n\t\t\t\t\n\t\t\t\t\n\t\t\t\t\n\t\t\t\t\n\t\t\t\t\n\t\t\t\t\n\t\t\t\t<div class=\"et_pb_module_inner\">\n\t\t\t\t\t<div class=\"dsm_block_reveal_text_wrapper\" data-dsm-block-reveal-animation=\"lr\" data-dsm-block-reveal-color=\"#FFFFFF\" data-dsm-block-reveal-delay=\"0.1\" data-dsm-block-reveal-viewport=\"80%\"><\/div>\n\t\t\t\t<\/div>\n\t\t\t<\/div>Whether you are a family or a group of friends, everyone will enjoy mountain biking in Serre Chevalier!Presentation\u2014\u00a0Mountain biking is not only reserved for experts! Beginners, or simply nature-lovers, come and join us in the Serre Chevalier Valley. We\u2019ll show you the wonders of its hidden charms \u2013 paths winding through forests and over cristal clear streams.\u00a0 Several circuits exist adapted to your group level and desires! Our team knows how to share with you the pleasure of a mountain tour, full of local history and surprises!Family \/ Beginner \/ Intermediate \/ Children from 6 yearsSame level groups \/ Advices \/ photosGalibier \/ RAFT \/ Serre Chevalier ValleyQualified mountain biking guide\/ Latest MTB \/ Protective Gear \/ Transport \/ a very good day !!!from may to octoberBring a picnic or \u20ac15 for lunchExcusrions \/ Prices \/ Descriptiions\u2014\u00a0\u20ac60 \/ pers with Qualified mountain biking guide\/ MTB 2022 \/ Protective Gear \/ Transport At the start of the Galibier mountain pass, a 28km ride and descent to La Salle les Alpes. The first part is on an ancient commercial road leading to the mountain pass: going downward and overlooking the Serre Chevalier [&hellip;]<\/p>\n","protected":false},"author":1,"featured_media":0,"parent":0,"menu_order":0,"comment_status":"closed","ping_status":"closed","template":"","meta":{"_et_pb_use_builder":"on","_et_pb_old_content":"","_et_gb_content_width":"","inline_featured_image":false,"footnotes":""},"class_list":["post-695","page","type-page","status-publish","hentry"],"yoast_head":"<!-- This site is optimized with the Yoast SEO plugin v27.4 - https:\/\/yoast.com\/product\/yoast-seo-wordpress\/ -->\n<title>D\u00e9couverte VTT Serre Chevalier | Serreche VTT<\/title>\n<meta name=\"description\" content=\"L&#039;\u00e9quipe de Serreche VTT vous fait d\u00e9couvrir les ballades VTT de Serre Chevalier. Sorties group\u00e9e, enfants et adultes, \u00e0 partager en famille ou entre amis.\" \/>\n<meta name=\"robots\" content=\"index, follow, max-snippet:-1, max-image-preview:large, max-video-preview:-1\" \/>\n<link rel=\"canonical\" href=\"https:\/\/serrechevtt.fr\/en\/descent-of-the-galibier-family-ride\/\" \/>\n<meta property=\"og:locale\" content=\"en_US\" \/>\n<meta property=\"og:type\" content=\"article\" \/>\n<meta property=\"og:title\" content=\"D\u00e9couverte VTT Serre Chevalier | Serreche VTT\" \/>\n<meta property=\"og:description\" content=\"L&#039;\u00e9quipe de Serreche VTT vous fait d\u00e9couvrir les ballades VTT de Serre Chevalier. Sorties group\u00e9e, enfants et adultes, \u00e0 partager en famille ou entre amis.\" \/>\n<meta property=\"og:url\" content=\"https:\/\/serrechevtt.fr\/en\/descent-of-the-galibier-family-ride\/\" \/>\n<meta property=\"og:site_name\" content=\"SerrecheVTT\" \/>\n<meta property=\"article:modified_time\" content=\"2026-03-05T07:54:09+00:00\" \/>\n<meta name=\"twitter:card\" content=\"summary_large_image\" \/>\n<meta name=\"twitter:label1\" content=\"Est. reading time\" \/>\n\t<meta name=\"twitter:data1\" content=\"7 minutes\" \/>\n<script type=\"application\/ld+json\" class=\"yoast-schema-graph\">{\"@context\":\"https:\\\/\\\/schema.org\",\"@graph\":[{\"@type\":\"WebPage\",\"@id\":\"https:\\\/\\\/serrechevtt.fr\\\/en\\\/descent-of-the-galibier-family-ride\\\/\",\"url\":\"https:\\\/\\\/serrechevtt.fr\\\/en\\\/descent-of-the-galibier-family-ride\\\/\",\"name\":\"D\u00e9couverte VTT Serre Chevalier | Serreche VTT\",\"isPartOf\":{\"@id\":\"https:\\\/\\\/serrechevtt.fr\\\/en\\\/#website\"},\"datePublished\":\"2022-03-07T11:46:33+00:00\",\"dateModified\":\"2026-03-05T07:54:09+00:00\",\"description\":\"L'\u00e9quipe de Serreche VTT vous fait d\u00e9couvrir les ballades VTT de Serre Chevalier. Sorties group\u00e9e, enfants et adultes, \u00e0 partager en famille ou entre amis.\",\"breadcrumb\":{\"@id\":\"https:\\\/\\\/serrechevtt.fr\\\/en\\\/descent-of-the-galibier-family-ride\\\/#breadcrumb\"},\"inLanguage\":\"en-US\",\"potentialAction\":[{\"@type\":\"ReadAction\",\"target\":[\"https:\\\/\\\/serrechevtt.fr\\\/en\\\/descent-of-the-galibier-family-ride\\\/\"]}]},{\"@type\":\"BreadcrumbList\",\"@id\":\"https:\\\/\\\/serrechevtt.fr\\\/en\\\/descent-of-the-galibier-family-ride\\\/#breadcrumb\",\"itemListElement\":[{\"@type\":\"ListItem\",\"position\":1,\"name\":\"Accueil\",\"item\":\"https:\\\/\\\/serrechevtt.fr\\\/en\\\/\"},{\"@type\":\"ListItem\",\"position\":2,\"name\":\"Descent of the galibier \\\/ Family ride\"}]},{\"@type\":\"WebSite\",\"@id\":\"https:\\\/\\\/serrechevtt.fr\\\/en\\\/#website\",\"url\":\"https:\\\/\\\/serrechevtt.fr\\\/en\\\/\",\"name\":\"SerrecheVTT\",\"description\":\"Ecole de VTT \u00e0 Serre-Chevalier\",\"potentialAction\":[{\"@type\":\"SearchAction\",\"target\":{\"@type\":\"EntryPoint\",\"urlTemplate\":\"https:\\\/\\\/serrechevtt.fr\\\/en\\\/?s={search_term_string}\"},\"query-input\":{\"@type\":\"PropertyValueSpecification\",\"valueRequired\":true,\"valueName\":\"search_term_string\"}}],\"inLanguage\":\"en-US\"}]}<\/script>\n<!-- \/ Yoast SEO plugin. -->","yoast_head_json":{"title":"D\u00e9couverte VTT Serre Chevalier | Serreche VTT","description":"L'\u00e9quipe de Serreche VTT vous fait d\u00e9couvrir les ballades VTT de Serre Chevalier. Sorties group\u00e9e, enfants et adultes, \u00e0 partager en famille ou entre amis.","robots":{"index":"index","follow":"follow","max-snippet":"max-snippet:-1","max-image-preview":"max-image-preview:large","max-video-preview":"max-video-preview:-1"},"canonical":"https:\/\/serrechevtt.fr\/en\/descent-of-the-galibier-family-ride\/","og_locale":"en_US","og_type":"article","og_title":"D\u00e9couverte VTT Serre Chevalier | Serreche VTT","og_description":"L'\u00e9quipe de Serreche VTT vous fait d\u00e9couvrir les ballades VTT de Serre Chevalier. Sorties group\u00e9e, enfants et adultes, \u00e0 partager en famille ou entre amis.","og_url":"https:\/\/serrechevtt.fr\/en\/descent-of-the-galibier-family-ride\/","og_site_name":"SerrecheVTT","article_modified_time":"2026-03-05T07:54:09+00:00","twitter_card":"summary_large_image","twitter_misc":{"Est. reading time":"7 minutes"},"schema":{"@context":"https:\/\/schema.org","@graph":[{"@type":"WebPage","@id":"https:\/\/serrechevtt.fr\/en\/descent-of-the-galibier-family-ride\/","url":"https:\/\/serrechevtt.fr\/en\/descent-of-the-galibier-family-ride\/","name":"D\u00e9couverte VTT Serre Chevalier | Serreche VTT","isPartOf":{"@id":"https:\/\/serrechevtt.fr\/en\/#website"},"datePublished":"2022-03-07T11:46:33+00:00","dateModified":"2026-03-05T07:54:09+00:00","description":"L'\u00e9quipe de Serreche VTT vous fait d\u00e9couvrir les ballades VTT de Serre Chevalier. Sorties group\u00e9e, enfants et adultes, \u00e0 partager en famille ou entre amis.","breadcrumb":{"@id":"https:\/\/serrechevtt.fr\/en\/descent-of-the-galibier-family-ride\/#breadcrumb"},"inLanguage":"en-US","potentialAction":[{"@type":"ReadAction","target":["https:\/\/serrechevtt.fr\/en\/descent-of-the-galibier-family-ride\/"]}]},{"@type":"BreadcrumbList","@id":"https:\/\/serrechevtt.fr\/en\/descent-of-the-galibier-family-ride\/#breadcrumb","itemListElement":[{"@type":"ListItem","position":1,"name":"Accueil","item":"https:\/\/serrechevtt.fr\/en\/"},{"@type":"ListItem","position":2,"name":"Descent of the galibier \/ Family ride"}]},{"@type":"WebSite","@id":"https:\/\/serrechevtt.fr\/en\/#website","url":"https:\/\/serrechevtt.fr\/en\/","name":"SerrecheVTT","description":"Ecole de VTT \u00e0 Serre-Chevalier","potentialAction":[{"@type":"SearchAction","target":{"@type":"EntryPoint","urlTemplate":"https:\/\/serrechevtt.fr\/en\/?s={search_term_string}"},"query-input":{"@type":"PropertyValueSpecification","valueRequired":true,"valueName":"search_term_string"}}],"inLanguage":"en-US"}]}},"_links":{"self":[{"href":"https:\/\/serrechevtt.fr\/en\/wp-json\/wp\/v2\/pages\/695","targetHints":{"allow":["GET"]}}],"collection":[{"href":"https:\/\/serrechevtt.fr\/en\/wp-json\/wp\/v2\/pages"}],"about":[{"href":"https:\/\/serrechevtt.fr\/en\/wp-json\/wp\/v2\/types\/page"}],"author":[{"embeddable":true,"href":"https:\/\/serrechevtt.fr\/en\/wp-json\/wp\/v2\/users\/1"}],"replies":[{"embeddable":true,"href":"https:\/\/serrechevtt.fr\/en\/wp-json\/wp\/v2\/comments?post=695"}],"version-history":[{"count":49,"href":"https:\/\/serrechevtt.fr\/en\/wp-json\/wp\/v2\/pages\/695\/revisions"}],"predecessor-version":[{"id":1550,"href":"https:\/\/serrechevtt.fr\/en\/wp-json\/wp\/v2\/pages\/695\/revisions\/1550"}],"wp:attachment":[{"href":"https:\/\/serrechevtt.fr\/en\/wp-json\/wp\/v2\/media?parent=695"}],"curies":[{"name":"wp","href":"https:\/\/api.w.org\/{rel}","templated":true}]}}